{"id":18585,"date":"2025-07-21T19:30:35","date_gmt":"2025-07-21T19:30:35","guid":{"rendered":"https:\/\/motelear.com\/cl\/?page_id=18585"},"modified":"2025-07-21T19:30:45","modified_gmt":"2025-07-21T19:30:45","slug":"aviso-legal","status":"publish","type":"page","link":"https:\/\/motelear.com\/cl\/aviso-legal\/","title":{"rendered":"Aviso Legal"},"content":{"rendered":"\n<p>En MotelearCL, accesible desde <strong>https:\/\/www.motelear.com\/cl<\/strong>, una de nuestras principales prioridades es la privacidad de nuestros visitantes. Este documento de Pol\u00edtica de Privacidad contiene los tipos de informaci\u00f3n que son recogidos y registrados por MotelearCL y c\u00f3mo los utilizamos.<\/p>\n\n\n\n<p>Si tiene preguntas adicionales o necesita m\u00e1s informaci\u00f3n sobre nuestra Pol\u00edtica de Privacidad, no dude en ponerse en <a href=\"http:\/\/motelear.com\/cl\/contacto\">contacto<\/a> con nosotros.<\/p>\n\n\n\n<p>Esta Pol\u00edtica de Privacidad se aplica \u00fanicamente a nuestras actividades en l\u00ednea y es v\u00e1lida para los visitantes de nuestro sitio web en lo que respecta a la informaci\u00f3n que comparten y\/o recogen en MotelearCL. Esta pol\u00edtica no es aplicable a ninguna informaci\u00f3n recogida fuera de l\u00ednea o a trav\u00e9s de canales distintos de este sitio web.<\/p>\n\n\n\n<h2 class=\"wp-block-heading\"><strong>Consentimiento<\/strong><\/h2>\n\n\n\n<p>Al utilizar nuestro sitio web, usted acepta nuestra Pol\u00edtica de Privacidad y est\u00e1 de acuerdo con sus t\u00e9rminos.<\/p>\n\n\n\n<h2 class=\"wp-block-heading\"><strong>Informaci\u00f3n que recolectamos<\/strong><\/h2>\n\n\n\n<p>La informaci\u00f3n personal que se le pide, y las razones por las que se le pide que la proporcione, se le aclarar\u00e1n en el momento en que le pidamos que proporcione su informaci\u00f3n personal.<\/p>\n\n\n\n<p>Si se pone en contacto con nosotros directamente, es posible que recibamos informaci\u00f3n adicional sobre usted, como su nombre, direcci\u00f3n de correo electr\u00f3nico, n\u00famero de tel\u00e9fono, el contenido del mensaje y\/o los archivos adjuntos que nos env\u00ede, y cualquier otra informaci\u00f3n que decida proporcionar.<\/p>\n\n\n\n<p>Cuando se registra para una cuenta, podemos pedirle su informaci\u00f3n de contacto, incluyendo elementos como el nombre, el nombre de la empresa, la direcci\u00f3n, la direcci\u00f3n de correo electr\u00f3nico y el n\u00famero de tel\u00e9fono.<\/p>\n\n\n\n<h2 class=\"wp-block-heading\"><strong>C\u00f3mo utilizamos su informaci\u00f3n<\/strong><\/h2>\n\n\n\n<p>Utilizamos la informaci\u00f3n que recopilamos de varias maneras, entre ellas:<\/p>\n\n\n\n<ul class=\"wp-block-list\">\n<li>Proporcionar, operar y mantener nuestro sitio web<\/li>\n\n\n\n<li>Mejorar, personalizar y ampliar nuestro sitio web<\/li>\n\n\n\n<li>Comprender y analizar el uso que usted hace de nuestro sitio web<\/li>\n\n\n\n<li>Desarrollar nuevos productos, servicios, caracter\u00edsticas y funcionalidades<\/li>\n\n\n\n<li>Comunicarnos con usted, ya sea directamente o a trav\u00e9s de uno de nuestros socios, incluso para el servicio de atenci\u00f3n al cliente, para proporcionarle actualizaciones y otra informaci\u00f3n relacionada con el sitio web, y para fines de marketing y promoci\u00f3n<\/li>\n\n\n\n<li>Enviarle correos electr\u00f3nicos<\/li>\n\n\n\n<li>Encontrar y prevenir el fraude<\/li>\n<\/ul>\n\n\n\n<h2 class=\"wp-block-heading\"><strong>Archivos de registro<\/strong><\/h2>\n\n\n\n<p>MotelearCL sigue un procedimiento est\u00e1ndar de uso de archivos de registro. Estos archivos registran a los visitantes cuando visitan los sitios web. Todas las empresas de alojamiento lo hacen y forman parte de los an\u00e1lisis de los servicios de alojamiento. La informaci\u00f3n recopilada por los archivos de registro incluye las direcciones del protocolo de Internet (IP), el tipo de navegador, el proveedor de servicios de Internet (ISP), la fecha y la hora, las p\u00e1ginas de referencia\/salida y, posiblemente, el n\u00famero de clics. Estos datos no est\u00e1n vinculados a ninguna informaci\u00f3n que permita la identificaci\u00f3n personal. El prop\u00f3sito de la informaci\u00f3n es analizar tendencias, administrar el sitio, rastrear el movimiento de los usuarios en el sitio web y recopilar informaci\u00f3n demogr\u00e1fica.<\/p>\n\n\n\n<h2 class=\"wp-block-heading\"><strong>Cookies<\/strong><\/h2>\n\n\n\n<p>Como cualquier otro sitio web, MotelearCL utiliza &#8220;cookies&#8221;. Estas cookies se utilizan para almacenar informaci\u00f3n que incluye las preferencias de los visitantes y las p\u00e1ginas del sitio web a las que el visitante accedi\u00f3 o visit\u00f3. La informaci\u00f3n se utiliza para optimizar la experiencia de los usuarios mediante la personalizaci\u00f3n del contenido de nuestra p\u00e1gina web en funci\u00f3n del tipo de navegador de los visitantes y\/o de otra informaci\u00f3n.<\/p>\n\n\n\n<p>Para obtener m\u00e1s informaci\u00f3n general sobre las cookies, lea <a href=\"https:\/\/www.termsfeed.com\/blog\/cookies\/\" target=\"_blank\" rel=\"noopener\">Qu\u00e9 son las cookies<\/a>.<\/p>\n\n\n\n<h2 class=\"wp-block-heading\"><strong>Pol\u00edticas de privacidad de los socios publicitarios<\/strong><\/h2>\n\n\n\n<p>Puede consultar esta lista para encontrar la pol\u00edtica de privacidad de cada uno de los socios publicitarios de MotelearCL.<\/p>\n\n\n\n<p>Los servidores o redes publicitarias de terceros utilizan tecnolog\u00edas como cookies, JavaScript o Web Beacons que se emplean en los respectivos anuncios y enlaces que aparecen en MotelearCL y que se env\u00edan directamente al navegador del usuario. Cuando esto ocurre, reciben autom\u00e1ticamente su direcci\u00f3n IP. Estas tecnolog\u00edas se utilizan para medir la eficacia de sus campa\u00f1as publicitarias y\/o para personalizar el contenido publicitario que usted ve en los sitios web que visita.<\/p>\n\n\n\n<p>Tenga en cuenta que MotelearCL no tiene acceso ni control sobre estas cookies utilizadas por terceros anunciantes.<\/p>\n\n\n\n<h2 class=\"wp-block-heading\"><strong>Pol\u00edticas de privacidad de terceros<\/strong><\/h2>\n\n\n\n<p>La Pol\u00edtica de Privacidad de MotelearCL no se aplica a otros anunciantes o sitios web. Por lo tanto, le aconsejamos que consulte las respectivas pol\u00edticas de privacidad de estos servidores de anuncios de terceros para obtener informaci\u00f3n m\u00e1s detallada. Esta puede incluir sus pr\u00e1cticas e instrucciones sobre c\u00f3mo optar por no participar en ciertas opciones.<\/p>\n\n\n\n<p>Usted puede optar por desactivar las cookies a trav\u00e9s de las opciones de su navegador individual. Para conocer informaci\u00f3n m\u00e1s detallada sobre la gesti\u00f3n de las cookies con navegadores web espec\u00edficos, se puede encontrar en los sitios web respectivos de los navegadores.<\/p>\n\n\n\n<h2 class=\"wp-block-heading\"><strong>Derechos de privacidad de la CCPA (No vender mi informaci\u00f3n personal)<\/strong><\/h2>\n\n\n\n<p>Seg\u00fan la CCPA, entre otros derechos, los consumidores de California tienen derecho a:<\/p>\n\n\n\n<p>Solicitar que una empresa que recoge datos personales de un consumidor revele las categor\u00edas y los datos personales espec\u00edficos que la empresa ha recogido sobre los consumidores.<\/p>\n\n\n\n<p>Solicitar que una empresa elimine cualquier dato personal sobre el consumidor que haya recogido.<\/p>\n\n\n\n<p>Solicitar que una empresa que vende los datos personales de un consumidor no los venda.<\/p>\n\n\n\n<p>Si hace una solicitud, tenemos un mes para responderle. Si desea ejercer alguno de estos derechos, p\u00f3ngase en contacto con nosotros.<\/p>\n\n\n\n<h2 class=\"wp-block-heading\"><strong>Derechos de protecci\u00f3n de datos del GDPR<\/strong><\/h2>\n\n\n\n<p>Nos gustar\u00eda asegurarnos de que usted es plenamente consciente de todos sus derechos de protecci\u00f3n de datos. Todo usuario tiene derecho a lo siguiente:<\/p>\n\n\n\n<p>Derecho de acceso: tiene derecho a solicitar copias de sus datos personales. Podemos cobrarle una peque\u00f1a cuota por este servicio.<\/p>\n\n\n\n<p>Derecho de rectificaci\u00f3n &#8211; Tiene derecho a solicitar que corrijamos cualquier informaci\u00f3n que considere inexacta. Tambi\u00e9n tiene derecho a solicitar que completemos la informaci\u00f3n que considere incompleta.<\/p>\n\n\n\n<p>Derecho de supresi\u00f3n &#8211; Tiene derecho a solicitar que borremos sus datos personales, bajo ciertas condiciones.<\/p>\n\n\n\n<p>Derecho a restringir el tratamiento: tiene derecho a solicitar que restrinjamos el tratamiento de sus datos personales, en determinadas condiciones.<\/p>\n\n\n\n<p>Derecho a oponerse al tratamiento: tiene derecho a oponerse al tratamiento de sus datos personales, en determinadas condiciones.<\/p>\n\n\n\n<p>El derecho a la portabilidad de los datos &#8211; Tiene derecho a solicitar que transfiramos los datos que hemos recopilado a otra organizaci\u00f3n, o directamente a usted, bajo ciertas condiciones.<\/p>\n\n\n\n<p>Si hace una solicitud, tenemos un mes para responderle. Si desea ejercer alguno de estos derechos, p\u00f3ngase en contacto con nosotros.<\/p>\n\n\n\n<h2 class=\"wp-block-heading\"><strong>Informaci\u00f3n sobre las personas menores de edad<\/strong><\/h2>\n\n\n\n<p>Otra parte de nuestra prioridad es a\u00f1adir la protecci\u00f3n de los ni\u00f1os mientras utilizan Internet. Animamos a los padres y tutores a que observen, participen y\/o supervisen y gu\u00eden su actividad en l\u00ednea.<\/p>\n\n\n\n<p>MotelearCL no recopila a sabiendas ninguna informaci\u00f3n personal identificable de ni\u00f1os y ni\u00f1as menores de 13 a\u00f1os. Si cree que su hijo ha proporcionado este tipo de informaci\u00f3n en nuestro sitio web, le recomendamos encarecidamente que se ponga en contacto con nosotros inmediatamente y haremos todo lo posible para eliminar r\u00e1pidamente dicha informaci\u00f3n de nuestros registros.<\/p>\n","protected":false},"excerpt":{"rendered":"<p>En MotelearCL, accesible desde https:\/\/www.motelear.com\/cl, una de nuestras principales prioridades es la privacidad de nuestros visitantes. Este documento de Pol\u00edtica de Privacidad contiene los tipos de informaci\u00f3n que son recogidos y registrados por MotelearCL y c\u00f3mo los utilizamos. Si tiene preguntas adicionales o necesita m\u00e1s informaci\u00f3n sobre nuestra Pol\u00edtica de Privacidad, no dude en ponerse [&hellip;]<\/p>\n","protected":false},"author":1,"featured_media":0,"parent":0,"menu_order":0,"comment_status":"closed","ping_status":"closed","template":"","meta":{"footnotes":""},"class_list":["post-18585","page","type-page","status-publish","hentry"],"blocksy_meta":[],"_links":{"self":[{"href":"https:\/\/motelear.com\/cl\/wp-json\/wp\/v2\/pages\/18585","targetHints":{"allow":["GET"]}}],"collection":[{"href":"https:\/\/motelear.com\/cl\/wp-json\/wp\/v2\/pages"}],"about":[{"href":"https:\/\/motelear.com\/cl\/wp-json\/wp\/v2\/types\/page"}],"author":[{"embeddable":true,"href":"https:\/\/motelear.com\/cl\/wp-json\/wp\/v2\/users\/1"}],"replies":[{"embeddable":true,"href":"https:\/\/motelear.com\/cl\/wp-json\/wp\/v2\/comments?post=18585"}],"version-history":[{"count":1,"href":"https:\/\/motelear.com\/cl\/wp-json\/wp\/v2\/pages\/18585\/revisions"}],"predecessor-version":[{"id":18586,"href":"https:\/\/motelear.com\/cl\/wp-json\/wp\/v2\/pages\/18585\/revisions\/18586"}],"wp:attachment":[{"href":"https:\/\/motelear.com\/cl\/wp-json\/wp\/v2\/media?parent=18585"}],"curies":[{"name":"wp","href":"https:\/\/api.w.org\/{rel}","templated":true}]}}