{"id":3,"date":"2025-07-12T23:29:03","date_gmt":"2025-07-12T23:29:03","guid":{"rendered":"https:\/\/motelear.com\/cl\/?page_id=3"},"modified":"2025-07-21T19:17:15","modified_gmt":"2025-07-21T19:17:15","slug":"privacy-policy","status":"publish","type":"page","link":"https:\/\/motelear.com\/cl\/privacy-policy\/","title":{"rendered":"Pol\u00edtica de Privacidad"},"content":{"rendered":"\n<p>Su privacidad es importante para nosotros. Es pol\u00edtica de <strong>motelear.com\/cl<\/strong> respetar su privacidad con respecto a cualquier informaci\u00f3n que podamos recopilar de usted a trav\u00e9s de nuestro sitio web, <strong>motelear.com\/cl<\/strong>, y otros sitios que poseemos y operamos.<\/p>\n\n\n\n<p>S\u00f3lo solicitamos informaci\u00f3n personal cuando realmente la necesitamos para prestarle un servicio. La recopilamos por medios justos y legales, con su conocimiento y consentimiento. Tambi\u00e9n le informamos de por qu\u00e9 la recopilamos y c\u00f3mo se utilizar\u00e1.<\/p>\n\n\n\n<p>S\u00f3lo conservamos la informaci\u00f3n recopilada durante el tiempo necesario para prestarle el servicio solicitado. Los datos que almacenamos los protegemos con medios comercialmente aceptables para evitar p\u00e9rdidas y robos, as\u00ed como el acceso, divulgaci\u00f3n, copia, uso o modificaci\u00f3n no autorizados.<\/p>\n\n\n\n<p>No compartimos ninguna informaci\u00f3n de identificaci\u00f3n personal p\u00fablicamente ni con terceros, excepto cuando lo exija la ley.<\/p>\n\n\n\n<p>Nuestro sitio web puede contener enlaces a sitios externos no gestionados por nosotros. Tenga en cuenta que no tenemos ning\u00fan control sobre el contenido y las pr\u00e1cticas de estos sitios, y no podemos aceptar responsabilidad alguna por sus respectivas pol\u00edticas de privacidad.<\/p>\n\n\n\n<p>Usted es libre de rechazar nuestra solicitud de informaci\u00f3n personal, entendiendo que es posible que no podamos ofrecerle algunos de los servicios que desea.<\/p>\n\n\n\n<p>Su uso continuado de nuestro sitio web se considerar\u00e1 como aceptaci\u00f3n de nuestras pr\u00e1cticas en torno a la privacidad y la informaci\u00f3n personal. Si tiene alguna pregunta sobre c\u00f3mo tratamos los datos de los usuarios y la informaci\u00f3n personal, no dude en ponerse en contacto con nosotros.<\/p>\n\n\n\n<p>Concretamente, <strong>Esta web se ajusta al cumplimiento de las siguientes normativas chilenas y est\u00e1ndares internacionales:<\/strong><\/p>\n\n\n\n<ul class=\"wp-block-list\">\n<li><strong>Ley N\u00b0 19.628 sobre Protecci\u00f3n de la Vida Privada (Chile):<\/strong> Regula el tratamiento de datos personales y garantiza los derechos de las personas sobre la informaci\u00f3n que les concierne.<br><\/li>\n\n\n\n<li><strong>Ley N\u00b0 21.096 sobre Delitos Inform\u00e1ticos (Chile):<\/strong> Establece medidas de protecci\u00f3n ante delitos relacionados con el acceso no autorizado y el uso indebido de datos personales.<br><\/li>\n\n\n\n<li><strong>Est\u00e1ndares internacionales complementarios como el RGPD (Reglamento General de Protecci\u00f3n de Datos de la Uni\u00f3n Europea)<\/strong>, aplicado como referencia para garantizar pr\u00e1cticas responsables en el tratamiento de datos personales.<br><\/li>\n<\/ul>\n\n\n\n<p><strong>Cambios en esta Pol\u00edtica de Privacidad<\/strong><\/p>\n\n\n\n<p>Nos reservamos el derecho de actualizar o modificar esta Pol\u00edtica de Privacidad en cualquier momento y sin previo aviso. Le recomendamos que revise esta p\u00e1gina peri\u00f3dicamente para conocer cualquier cambio. El uso continuado de nuestro sitio web despu\u00e9s de la publicaci\u00f3n de cambios constituir\u00e1 su aceptaci\u00f3n de dichos cambios.<\/p>\n\n\n\n<p><strong>Contacto<\/strong><\/p>\n\n\n\n<p>Si tiene preguntas o inquietudes sobre nuestra Pol\u00edtica de Privacidad, p\u00f3ngase en contacto con nosotros a trav\u00e9s de la siguiente p\u00e1gina de <a href=\"http:\/\/motelear.com\/cl\/contacto\">contacto<\/a>.<\/p>\n\n\n\n<p><\/p>\n","protected":false},"excerpt":{"rendered":"<p>Su privacidad es importante para nosotros. Es pol\u00edtica de motelear.com\/cl respetar su privacidad con respecto a cualquier informaci\u00f3n que podamos recopilar de usted a trav\u00e9s de nuestro sitio web, motelear.com\/cl, y otros sitios que poseemos y operamos. S\u00f3lo solicitamos informaci\u00f3n personal cuando realmente la necesitamos para prestarle un servicio. La recopilamos por medios justos y [&hellip;]<\/p>\n","protected":false},"author":1,"featured_media":0,"parent":0,"menu_order":0,"comment_status":"closed","ping_status":"open","template":"","meta":{"footnotes":""},"class_list":["post-3","page","type-page","status-publish","hentry"],"blocksy_meta":[],"_links":{"self":[{"href":"https:\/\/motelear.com\/cl\/wp-json\/wp\/v2\/pages\/3","targetHints":{"allow":["GET"]}}],"collection":[{"href":"https:\/\/motelear.com\/cl\/wp-json\/wp\/v2\/pages"}],"about":[{"href":"https:\/\/motelear.com\/cl\/wp-json\/wp\/v2\/types\/page"}],"author":[{"embeddable":true,"href":"https:\/\/motelear.com\/cl\/wp-json\/wp\/v2\/users\/1"}],"replies":[{"embeddable":true,"href":"https:\/\/motelear.com\/cl\/wp-json\/wp\/v2\/comments?post=3"}],"version-history":[{"count":1,"href":"https:\/\/motelear.com\/cl\/wp-json\/wp\/v2\/pages\/3\/revisions"}],"predecessor-version":[{"id":18584,"href":"https:\/\/motelear.com\/cl\/wp-json\/wp\/v2\/pages\/3\/revisions\/18584"}],"wp:attachment":[{"href":"https:\/\/motelear.com\/cl\/wp-json\/wp\/v2\/media?parent=3"}],"curies":[{"name":"wp","href":"https:\/\/api.w.org\/{rel}","templated":true}]}}